{"id":101,"date":"2014-01-21T17:57:36","date_gmt":"2014-01-21T16:57:36","guid":{"rendered":"http:\/\/www.tourdumondepepere.com\/cacontinue\/?page_id=101"},"modified":"2021-12-05T16:33:18","modified_gmt":"2021-12-05T15:33:18","slug":"mais-qui-est-pepere","status":"publish","type":"page","link":"https:\/\/www.tourdumondepepere.com\/cacontinue\/mais-qui-est-pepere\/","title":{"rendered":"Mais qui est P\u00e9p\u00e8re ?"},"content":{"rendered":"<section class=\"l-section wpb_row height_auto width_full color_alternate\"><div class=\"l-section-h i-cf\"><div class=\"g-cols vc_row type_default valign_top\"><div class=\"vc_col-sm-6 wpb_column vc_column_container\"><div class=\"vc_column-inner\"><div class=\"wpb_wrapper\"><h1 class=\"w-post-elm post_title us_custom_9f1726c3 entry-title color_link_inherit has_text_color\">Mais qui est P\u00e9p\u00e8re ?<\/h1><\/div><\/div><\/div><div class=\"vc_col-sm-6 wpb_column vc_column_container\"><div class=\"vc_column-inner\"><div class=\"wpb_wrapper\"><div class=\"w-post-elm post_image stretched\"><img width=\"640\" height=\"426\" src=\"https:\/\/www.tourdumondepepere.com\/cacontinue\/wp-content\/uploads\/2014\/01\/finlande-1.jpg\" class=\"attachment-full size-full wp-post-image\" alt=\"\" loading=\"lazy\" srcset=\"https:\/\/www.tourdumondepepere.com\/cacontinue\/wp-content\/uploads\/2014\/01\/finlande-1.jpg 640w, https:\/\/www.tourdumondepepere.com\/cacontinue\/wp-content\/uploads\/2014\/01\/finlande-1-300x199.jpg 300w, https:\/\/www.tourdumondepepere.com\/cacontinue\/wp-content\/uploads\/2014\/01\/finlande-1-100x66.jpg 100w\" sizes=\"(max-width: 640px) 100vw, 640px\" \/><\/div><\/div><\/div><\/div><\/div><\/div><\/section><section class=\"l-section wpb_row height_medium\"><div class=\"l-section-h i-cf\"><div class=\"g-cols vc_row type_default valign_top\"><div class=\"vc_col-sm-12 wpb_column vc_column_container\"><div class=\"vc_column-inner\"><div class=\"wpb_wrapper\"><div class=\"wpb_text_column\" ><div class=\"wpb_wrapper\"><p>P\u00e9p\u00e8re c&rsquo;est un Toyota HZJ 75 de 1999, achet\u00e9 d\u2019occasion d\u00e9but 2010 avec 110\u00a0000Km au compteur. Pour notre d\u00e9part, le 1er mars 2012, il affiche 130\u00a0000 Kms.<\/p>\n<ul>\n<li>Longueur 6.02 m<\/li>\n<li>Largeur\u00a0\u00a0\u00a0 2.03 m<\/li>\n<li>Hauteur\u00a0\u00a0\u00a0 3.00 m<\/li>\n<li>Roue 285 .75 .15<\/li>\n<li>Cam\u00e9ra de recul<\/li>\n<li>Climatisation cabine<\/li>\n<li>170 litres de gasoil de r\u00e9serve suppl\u00e9mentaire<\/li>\n<\/ul>\n<p>Il est \u00e9quip\u00e9 d\u2019une cellule CLEMENCON du m\u00eame \u00e2ge, passage de la cellule au poste de pilotage<\/p>\n<ul>\n<li>1 Panneau solaire 100w<\/li>\n<li>150 litres d\u2019eau<\/li>\n<li>Chauffe eau et cuisine gaz<\/li>\n<li>2 Batteries 100 amp\u00e8res pour la cellule<\/li>\n<li>Frigo 220\/12v et gaz<\/li>\n<li>Auvent encastr\u00e9 dans la cellule<\/li>\n<\/ul>\n<blockquote>\n<p>Modifications apport\u00e9es\u00a0:<\/p>\n<\/blockquote>\n<ul>\n<li>Pont autobloquant arri\u00e8re et avant<\/li>\n<li>Suspensions lames renforc\u00e9es<\/li>\n<li>-boudins gonflables arri\u00e8re<\/li>\n<li>film antieffraction sur les vitres lat\u00e9rales du Toyota<\/li>\n<li>2 phares longue port\u00e9e<\/li>\n<li>treuil \u00e9lectrique 9T<\/li>\n<li>si\u00e8ge baquet pour le pilote<\/li>\n<li>GPS NAVIGATOR<\/li>\n<li>Chauffage gasoil<\/li>\n<\/ul>\n<blockquote>\n<p>&nbsp;<\/p>\n<p>Particularit\u00e9s<\/p>\n<\/blockquote>\n<p>Nous avons une annexe gonflable AX1 Bombard dans la malle arri\u00e8re et un moteur \u00e0 essence Mercury 2.5 CV pour naviguer en bord de mer et sur les lacs.<\/p>\n<p><img title=\"gallery link=&quot;file&quot;\" src=\"http:\/\/www.tourdumondepepere.com\/ledebut\/wp-includes\/js\/tinymce\/plugins\/wpgallery\/img\/t.gif\" alt=\"\" \/><\/p>\n<\/div><\/div><\/div><\/div><\/div><\/div><\/div><\/section>\n","protected":false},"excerpt":{"rendered":"Mais qui est P\u00e9p\u00e8re ?P\u00e9p\u00e8re c&rsquo;est un Toyota HZJ 75 de 1999, achet\u00e9 d\u2019occasion d\u00e9but 2010 avec 110\u00a0000Km au compteur. Pour notre d\u00e9part, le 1er mars 2012, il affiche 130\u00a0000 Kms. Longueur 6.02 m Largeur\u00a0\u00a0\u00a0 2.03 m Hauteur\u00a0\u00a0\u00a0 3.00 m Roue 285 .75 .15 Cam\u00e9ra de recul Climatisation cabine 170 litres de gasoil de r\u00e9serve...","protected":false},"author":1,"featured_media":107,"parent":0,"menu_order":0,"comment_status":"closed","ping_status":"closed","template":"","meta":[],"_links":{"self":[{"href":"https:\/\/www.tourdumondepepere.com\/cacontinue\/wp-json\/wp\/v2\/pages\/101"}],"collection":[{"href":"https:\/\/www.tourdumondepepere.com\/cacontinue\/wp-json\/wp\/v2\/pages"}],"about":[{"href":"https:\/\/www.tourdumondepepere.com\/cacontinue\/wp-json\/wp\/v2\/types\/page"}],"author":[{"embeddable":true,"href":"https:\/\/www.tourdumondepepere.com\/cacontinue\/wp-json\/wp\/v2\/users\/1"}],"replies":[{"embeddable":true,"href":"https:\/\/www.tourdumondepepere.com\/cacontinue\/wp-json\/wp\/v2\/comments?post=101"}],"version-history":[{"count":9,"href":"https:\/\/www.tourdumondepepere.com\/cacontinue\/wp-json\/wp\/v2\/pages\/101\/revisions"}],"predecessor-version":[{"id":8386,"href":"https:\/\/www.tourdumondepepere.com\/cacontinue\/wp-json\/wp\/v2\/pages\/101\/revisions\/8386"}],"wp:featuredmedia":[{"embeddable":true,"href":"https:\/\/www.tourdumondepepere.com\/cacontinue\/wp-json\/wp\/v2\/media\/107"}],"wp:attachment":[{"href":"https:\/\/www.tourdumondepepere.com\/cacontinue\/wp-json\/wp\/v2\/media?parent=101"}],"curies":[{"name":"wp","href":"https:\/\/api.w.org\/{rel}","templated":true}]}}