{"id":12,"date":"2014-01-20T17:41:06","date_gmt":"2014-01-20T16:41:06","guid":{"rendered":"http:\/\/www.tourdumondepepere.com\/cacontinue\/?page_id=12"},"modified":"2021-12-05T17:17:28","modified_gmt":"2021-12-05T16:17:28","slug":"accueil","status":"publish","type":"page","link":"https:\/\/www.tourdumondepepere.com\/cacontinue\/","title":{"rendered":"Accueil"},"content":{"rendered":"<section class=\"l-section wpb_row us_custom_aa2c74a4 height_full valign_center width_full\"><div class=\"l-section-h i-cf\"><div class=\"g-cols vc_row type_default valign_top\"><div class=\"vc_col-sm-12 wpb_column vc_column_container\"><div class=\"vc_column-inner\"><div class=\"wpb_wrapper\"><div class=\"w-image us_custom_b1748d9b align_left animate_aft\"><div class=\"w-image-h\"><img width=\"300\" height=\"300\" src=\"https:\/\/www.tourdumondepepere.com\/cacontinue\/wp-content\/uploads\/2021\/12\/logoTDMP.svg\" class=\"attachment-medium size-medium\" alt=\"\" loading=\"lazy\" srcset=\"https:\/\/www.tourdumondepepere.com\/cacontinue\/wp-content\/uploads\/\/2021\/12\/logoTDMP.svg 150w, https:\/\/www.tourdumondepepere.com\/cacontinue\/wp-content\/uploads\/\/2021\/12\/logoTDMP.svg 300w, https:\/\/www.tourdumondepepere.com\/cacontinue\/wp-content\/uploads\/\/2021\/12\/logoTDMP.svg 1024w\" sizes=\"(max-width: 300px) 100vw, 300px\" \/><\/div><\/div><div class=\"w-separator size_huge\"><\/div><div class=\"w-iconbox iconpos_top style_default color_primary align_center no_title no_text\"><a href=\"#intro\" class=\"w-iconbox-link\" aria-label=\"fas|angle-double-down\"><div class=\"w-iconbox-icon\" style=\"font-size:60px;\"><i class=\"fas fa-angle-double-down\"><\/i><\/div><\/a><div class=\"w-iconbox-meta\"><\/div><\/div><\/div><\/div><\/div><\/div><\/div><\/section><section class=\"l-section wpb_row height_medium color_alternate\" id=\"intro\"><div class=\"l-section-h i-cf\"><div class=\"g-cols vc_row type_default valign_top\"><div class=\"vc_col-sm-8 wpb_column vc_column_container\"><div class=\"vc_column-inner\"><div class=\"wpb_wrapper\"><div class=\"wpb_text_column us_custom_a574d586 has_text_color\" ><div class=\"wpb_wrapper\"><blockquote>\n<p>intro<\/p>\n<\/blockquote>\n<\/div><\/div><div class=\"wpb_text_column\" ><div class=\"wpb_wrapper\"><p>Durant plusieurs ann\u00e9es, nous avons parcourus ensemble l\u2019Afrique de l\u2019Ouest, du S\u00e9n\u00e9gal au Gabon, pour le travail.<\/p>\n<p>Au cour de ces voyages, nous avons eu la chance de vivre de belles aventures.<br \/>\nLa plus belle, reste ces jours pass\u00e9s, \u00e0 2h de pirogue de Lambar\u00e9n\u00e9, dans la jungle avec des Gorilles sur une ile, .<\/p>\n<p>Nous avons \u00e9galement rencontr\u00e9 les l\u00e9muriens de Madagascar, admir\u00e9 les fonds marins aux Maldives, visit\u00e9 de nombreux petits villages africains et fait plusieurs Safaris dans les Parks de Kruger et\u00a0 Hwange au Zimbabwe.<\/p>\n<p>A nouveau r\u00e9unis, et apr\u00e8s les deux premiers voyages de Michel, nous avons d\u00e9cid\u00e9 de continuer tous les deux ce tour du monde. Il nous reste encore les Am\u00e9riques, pr\u00e9vues en 2015, l\u2019Asie du sud Est et l\u2019Australie.<\/p>\n<p>Nous savons bien que ce qui est pr\u00e9vu ne se r\u00e9alise pas toujours, P\u00e9p\u00e8re est bien plac\u00e9 pour le savoir\u2026\u00a0 mais, nous programmons 6 mois avec P\u00e9p\u00e8re par an, un peu de repos \u00e0 la maison avec les enfants et une visite au Zimbabwe pour la famille de Doreen et \u00ab LES ANIMAUX\u00a0 SAUVAGES \u00bb.<\/p>\n<\/div><\/div><\/div><\/div><\/div><div class=\"vc_col-sm-4 wpb_column vc_column_container\"><div class=\"vc_column-inner\"><div class=\"wpb_wrapper\">[vc_widget_sidebar sidebar_id=\u00a0\u00bbdefault_sidebar\u00a0\u00bb]<div class=\"w-separator size_small\"><\/div>[vc_widget_sidebar sidebar_id=\u00a0\u00bbus_widget_area_footer\u00a0\u00bb]<\/div><\/div><\/div><\/div><\/div><\/section><section class=\"l-section wpb_row height_medium color_secondary\"><div class=\"l-section-h i-cf\"><div class=\"g-cols vc_row type_default valign_top\"><div class=\"vc_col-sm-12 wpb_column vc_column_container\"><div class=\"vc_column-inner\"><div class=\"wpb_wrapper\"><div class=\"g-cols wpb_row  type_default valign_top vc_inner\"><div class=\"vc_col-sm-6 wpb_column vc_column_container\"><div class=\"vc_column-inner\"><div class=\"wpb_wrapper\"><div class=\"w-counter us_custom_785e50b2 color_primary align_center\" data-duration=\"2000\"><div class=\"w-counter-value\"><span class=\"w-counter-value-part type_text\" data-final=\"\"><\/span><span class=\"w-counter-value-part type_number\" data-final=\"2500000\">1994000<\/span><span class=\"w-counter-value-part type_text\" data-final=\"\"><\/span><\/div><h6 class=\"w-counter-title\">Kms parcourus<\/h6><\/div><\/div><\/div><\/div><div class=\"vc_col-sm-6 wpb_column vc_column_container\"><div class=\"vc_column-inner\"><div class=\"wpb_wrapper\"><div class=\"w-counter us_custom_785e50b2 color_primary align_center\" data-duration=\"2000\"><div class=\"w-counter-value\"><span class=\"w-counter-value-part type_text\" data-final=\"\"><\/span><span class=\"w-counter-value-part type_number\" data-final=\"16\">0<\/span><span class=\"w-counter-value-part type_text\" data-final=\"\"><\/span><\/div><h6 class=\"w-counter-title\">Pays visit\u00e9s<\/h6><\/div><\/div><\/div><\/div><\/div><\/div><\/div><\/div><\/div><\/div><\/section><section class=\"l-section wpb_row height_medium\"><div class=\"l-section-h i-cf\"><div class=\"g-cols vc_row type_default valign_top\"><div class=\"vc_col-sm-12 wpb_column vc_column_container\"><div class=\"vc_column-inner\"><div class=\"wpb_wrapper\"><div class=\"w-separator size_medium\"><\/div><div class=\"wpb_text_column us_custom_a574d586 has_text_color\" ><div class=\"wpb_wrapper\"><p><strong>Derniers posts<\/strong><\/p>\n<\/div><\/div><div class=\"w-grid type_grid layout_blog_14 cols_2\" id=\"us_grid_1\" data-grid-filter=\"true\"><style id=\"us_grid_1_css\">#us_grid_1 .w-grid-item{padding:1.5rem}#us_grid_1 .w-grid-list{margin:-1.5rem}.w-grid + #us_grid_1 .w-grid-list{margin-top:1.5rem}@media (max-width:599px){#us_grid_1 .w-grid-list{margin:0}#us_grid_1 .w-grid-item{width:100%;padding:0;margin-bottom:1.5rem}}<\/style><style>.layout_blog_14 .w-grid-item-h{}@media(max-width:479px){.layout_blog_14 .usg_post_image_1{display:none!important}}.layout_blog_14 .usg_hwrapper_1{color:#4f5459!important;margin-left:10%!important;padding-top:6%!important;padding-bottom:6%!important;background:#f3f5fb!important}.layout_blog_14 .usg_post_image_1{width:50%!important;margin-left:-11%!important;margin-right:0!important}.layout_blog_14 .usg_vwrapper_1{width:48%!important;margin-left:7%!important}.layout_blog_14 .usg_post_date_1{font-size:0.9rem!important}.layout_blog_14 .usg_post_title_1{font-weight:700!important;line-height:1.2!important}.layout_blog_14 .usg_post_content_1{font-size:0.9rem!important}@media (max-width:599px){.layout_blog_14 .usg_hwrapper_1{margin-left:0!important;margin-right:0!important;padding-top:0!important;padding-bottom:0!important}.layout_blog_14 .usg_post_image_1{width:100%!important;margin-left:0!important}.layout_blog_14 .usg_vwrapper_1{width:86%!important;margin:5% 7% 7% 7%!important}}<\/style><div class=\"w-grid-list\" ><article class=\"w-grid-item size_1x1 post-13024 post type-post status-publish format-standard has-post-thumbnail hentry category-asie category-thailande\" data-id=\"13024\">\r\n\t<div class=\"w-grid-item-h\">\r\n\t\t\t\t<div class=\"w-hwrapper usg_hwrapper_1 align_left valign_center wrap\"><div class=\"w-post-elm post_image usg_post_image_1 has_width stretched\"><a href=\"https:\/\/www.tourdumondepepere.com\/cacontinue\/fin\/\" aria-label=\"Fin..\"><img width=\"800\" height=\"450\" src=\"https:\/\/www.tourdumondepepere.com\/cacontinue\/wp-content\/uploads\/2025\/08\/IMG_20250425_154321_resultat.jpg\" class=\"attachment-large size-large wp-post-image\" alt=\"\" loading=\"lazy\" srcset=\"https:\/\/www.tourdumondepepere.com\/cacontinue\/wp-content\/uploads\/2025\/08\/IMG_20250425_154321_resultat.jpg 800w, https:\/\/www.tourdumondepepere.com\/cacontinue\/wp-content\/uploads\/2025\/08\/IMG_20250425_154321_resultat-300x169.jpg 300w\" sizes=\"(max-width: 800px) 100vw, 800px\" \/><\/a><\/div><div class=\"w-vwrapper usg_vwrapper_1 align_left valign_top\"><time class=\"w-post-elm post_date usg_post_date_1 entry-date published\" datetime=\"2025-08-12T12:47:00+01:00\" title=\"12 ao\u00fbt 2025 \u00e0 12:47:00 +01:00\">12 Ao\u00fbt 2025<\/time><h2 class=\"w-post-elm post_title usg_post_title_1 entry-title color_link_inherit\"><a href=\"https:\/\/www.tourdumondepepere.com\/cacontinue\/fin\/\">Fin..<\/a><\/h2><div class=\"w-post-elm post_content usg_post_content_1\">Cette foutue fronti\u00e8re tha\u00eflandaise pass\u00e9e, nous pouvons envisager une nuit en bord de mer sur un petit terrain entre deux maisons. Nous n\u2019avons plus de pression et pouvons nous d\u00e9tendre\u2026<\/div><\/div><\/div>\t<\/div>\r\n<\/article>\r\n<article class=\"w-grid-item size_1x1 post-12981 post type-post status-publish format-standard has-post-thumbnail hentry category-asie category-cambodge\" data-id=\"12981\">\r\n\t<div class=\"w-grid-item-h\">\r\n\t\t\t\t<div class=\"w-hwrapper usg_hwrapper_1 align_left valign_center wrap\"><div class=\"w-post-elm post_image usg_post_image_1 has_width stretched\"><a href=\"https:\/\/www.tourdumondepepere.com\/cacontinue\/incroyable-rencontre\/\" aria-label=\"Incroyable rencontre\u00a0\"><img width=\"800\" height=\"443\" src=\"https:\/\/www.tourdumondepepere.com\/cacontinue\/wp-content\/uploads\/2025\/07\/20250425_142846_resultat.jpg\" class=\"attachment-large size-large wp-post-image\" alt=\"\" loading=\"lazy\" srcset=\"https:\/\/www.tourdumondepepere.com\/cacontinue\/wp-content\/uploads\/2025\/07\/20250425_142846_resultat.jpg 800w, https:\/\/www.tourdumondepepere.com\/cacontinue\/wp-content\/uploads\/2025\/07\/20250425_142846_resultat-300x166.jpg 300w\" sizes=\"(max-width: 800px) 100vw, 800px\" \/><\/a><\/div><div class=\"w-vwrapper usg_vwrapper_1 align_left valign_top\"><time class=\"w-post-elm post_date usg_post_date_1 entry-date published\" datetime=\"2025-07-04T10:12:17+01:00\" title=\"4 juillet 2025 \u00e0 10:12:17 +01:00\">4 Juil 2025<\/time><h2 class=\"w-post-elm post_title usg_post_title_1 entry-title color_link_inherit\"><a href=\"https:\/\/www.tourdumondepepere.com\/cacontinue\/incroyable-rencontre\/\">Incroyable rencontre\u00a0<\/a><\/h2><div class=\"w-post-elm post_content usg_post_content_1\">Comme \u00e0 chaque fois, les articles non \u00e9crits pendant le voyage tardent un peu. C\u2019est donc presque deux mois apr\u00e8s notre retour d\u2019Asie du Sud Est que Michel d\u00e9cide de\u2026<\/div><\/div><\/div>\t<\/div>\r\n<\/article>\r\n<article class=\"w-grid-item size_1x1 post-12883 post type-post status-publish format-standard has-post-thumbnail hentry category-asie category-cambodge\" data-id=\"12883\">\r\n\t<div class=\"w-grid-item-h\">\r\n\t\t\t\t<div class=\"w-hwrapper usg_hwrapper_1 align_left valign_center wrap\"><div class=\"w-post-elm post_image usg_post_image_1 has_width stretched\"><a href=\"https:\/\/www.tourdumondepepere.com\/cacontinue\/phnom-penh\/\" aria-label=\"Phnom Penh\"><img width=\"700\" height=\"394\" src=\"https:\/\/www.tourdumondepepere.com\/cacontinue\/wp-content\/uploads\/2025\/05\/20250417_105721.jpg\" class=\"attachment-large size-large wp-post-image\" alt=\"\" loading=\"lazy\" srcset=\"https:\/\/www.tourdumondepepere.com\/cacontinue\/wp-content\/uploads\/2025\/05\/20250417_105721.jpg 700w, https:\/\/www.tourdumondepepere.com\/cacontinue\/wp-content\/uploads\/2025\/05\/20250417_105721-300x169.jpg 300w\" sizes=\"(max-width: 700px) 100vw, 700px\" \/><\/a><\/div><div class=\"w-vwrapper usg_vwrapper_1 align_left valign_top\"><time class=\"w-post-elm post_date usg_post_date_1 entry-date published\" datetime=\"2025-05-02T17:04:28+01:00\" title=\"2 mai 2025 \u00e0 17:04:28 +01:00\">2 Mai 2025<\/time><h2 class=\"w-post-elm post_title usg_post_title_1 entry-title color_link_inherit\"><a href=\"https:\/\/www.tourdumondepepere.com\/cacontinue\/phnom-penh\/\">Phnom Penh<\/a><\/h2><div class=\"w-post-elm post_content usg_post_content_1\">&nbsp; Apr\u00e8s ces journ\u00e9es m\u00e9morables \u00e0 Siem Reap (Angkor) nous quittons les temples en direction de Phnom Penh, intrigu\u00e9s par ces tubes de bambou sur le feu au bord des\u2026<\/div><\/div><\/div>\t<\/div>\r\n<\/article>\r\n<article class=\"w-grid-item size_1x1 post-12699 post type-post status-publish format-standard has-post-thumbnail hentry category-asie category-cambodge category-non-classe\" data-id=\"12699\">\r\n\t<div class=\"w-grid-item-h\">\r\n\t\t\t\t<div class=\"w-hwrapper usg_hwrapper_1 align_left valign_center wrap\"><div class=\"w-post-elm post_image usg_post_image_1 has_width stretched\"><a href=\"https:\/\/www.tourdumondepepere.com\/cacontinue\/les-temples-dangkor\/\" aria-label=\"Les temples d&rsquo;Angkor\"><img width=\"700\" height=\"394\" src=\"https:\/\/www.tourdumondepepere.com\/cacontinue\/wp-content\/uploads\/2025\/04\/20250414_174527.jpg\" class=\"attachment-large size-large wp-post-image\" alt=\"\" loading=\"lazy\" srcset=\"https:\/\/www.tourdumondepepere.com\/cacontinue\/wp-content\/uploads\/2025\/04\/20250414_174527.jpg 700w, https:\/\/www.tourdumondepepere.com\/cacontinue\/wp-content\/uploads\/2025\/04\/20250414_174527-300x169.jpg 300w\" sizes=\"(max-width: 700px) 100vw, 700px\" \/><\/a><\/div><div class=\"w-vwrapper usg_vwrapper_1 align_left valign_top\"><time class=\"w-post-elm post_date usg_post_date_1 entry-date published\" datetime=\"2025-04-30T17:18:55+01:00\" title=\"30 avril 2025 \u00e0 17:18:55 +01:00\">30 Avr 2025<\/time><h2 class=\"w-post-elm post_title usg_post_title_1 entry-title color_link_inherit\"><a href=\"https:\/\/www.tourdumondepepere.com\/cacontinue\/les-temples-dangkor\/\">Les temples d&rsquo;Angkor<\/a><\/h2><div class=\"w-post-elm post_content usg_post_content_1\">Quand il a eu l\u2019id\u00e9e de ce tour du monde, Michel avait des lieux en t\u00eate qui le faisaient r\u00eaver. Parmi eux, Angkor avait une bonne place. Alors d\u00e8s la\u2026<\/div><\/div><\/div>\t<\/div>\r\n<\/article>\r\n<\/div><div class=\"w-grid-preloader\"><div class=\"g-preloader type_1\">\r\n\t<div><\/div>\r\n<\/div>\r\n<\/div>\t<div class=\"w-grid-json hidden\" onclick='return {&quot;action&quot;:&quot;us_ajax_grid&quot;,&quot;ajax_url&quot;:&quot;https:\\\/\\\/www.tourdumondepepere.com\\\/cacontinue\\\/wp-admin\\\/admin-ajax.php&quot;,&quot;infinite_scroll&quot;:0,&quot;max_num_pages&quot;:64,&quot;pagination&quot;:&quot;none&quot;,&quot;permalink_url&quot;:&quot;https:\\\/\\\/www.tourdumondepepere.com\\\/cacontinue\\\/wp-json\\\/wp\\\/v2\\\/pages\\\/12&quot;,&quot;template_vars&quot;:{&quot;columns&quot;:&quot;2&quot;,&quot;exclude_items&quot;:&quot;none&quot;,&quot;img_size&quot;:&quot;default&quot;,&quot;ignore_items_size&quot;:false,&quot;items_layout&quot;:&quot;blog_14&quot;,&quot;items_offset&quot;:&quot;1&quot;,&quot;overriding_link&quot;:&quot;none&quot;,&quot;post_id&quot;:12,&quot;query_args&quot;:{&quot;post_type&quot;:[&quot;post&quot;],&quot;post_status&quot;:[&quot;publish&quot;],&quot;orderby&quot;:{&quot;date&quot;:&quot;DESC&quot;},&quot;posts_per_page&quot;:&quot;4&quot;},&quot;type&quot;:&quot;grid&quot;,&quot;us_grid_ajax_index&quot;:1,&quot;us_grid_filter_params&quot;:null,&quot;us_grid_index&quot;:1,&quot;_us_grid_post_type&quot;:&quot;post&quot;}}'><\/div>\r\n<\/div><\/div><\/div><\/div><\/div><\/div><\/section>\n","protected":false},"excerpt":{"rendered":"Quand il a eu l\u2019id\u00e9e de ce tour du monde, Michel avait des lieux en t\u00eate qui le faisaient r\u00eaver. Parmi eux, Angkor avait une bonne place. Alors d\u00e8s la fronti\u00e8re cambodgienne pass\u00e9e, nous prenons la direction de Siem Reap o\u00f9 se trouvent ces temples extraordinaires. Il nous faut deux petites journ\u00e9es pour arriver, mais...","protected":false},"author":1,"featured_media":0,"parent":0,"menu_order":0,"comment_status":"closed","ping_status":"closed","template":"","meta":[],"_links":{"self":[{"href":"https:\/\/www.tourdumondepepere.com\/cacontinue\/wp-json\/wp\/v2\/pages\/12"}],"collection":[{"href":"https:\/\/www.tourdumondepepere.com\/cacontinue\/wp-json\/wp\/v2\/pages"}],"about":[{"href":"https:\/\/www.tourdumondepepere.com\/cacontinue\/wp-json\/wp\/v2\/types\/page"}],"author":[{"embeddable":true,"href":"https:\/\/www.tourdumondepepere.com\/cacontinue\/wp-json\/wp\/v2\/users\/1"}],"replies":[{"embeddable":true,"href":"https:\/\/www.tourdumondepepere.com\/cacontinue\/wp-json\/wp\/v2\/comments?post=12"}],"version-history":[{"count":46,"href":"https:\/\/www.tourdumondepepere.com\/cacontinue\/wp-json\/wp\/v2\/pages\/12\/revisions"}],"predecessor-version":[{"id":8414,"href":"https:\/\/www.tourdumondepepere.com\/cacontinue\/wp-json\/wp\/v2\/pages\/12\/revisions\/8414"}],"wp:attachment":[{"href":"https:\/\/www.tourdumondepepere.com\/cacontinue\/wp-json\/wp\/v2\/media?parent=12"}],"curies":[{"name":"wp","href":"https:\/\/api.w.org\/{rel}","templated":true}]}}